{"id":312,"date":"2023-11-26T02:24:34","date_gmt":"2023-11-26T01:24:34","guid":{"rendered":"https:\/\/fruit4u.co\/?page_id=312"},"modified":"2023-11-27T13:32:25","modified_gmt":"2023-11-27T12:32:25","slug":"nosotros","status":"publish","type":"page","link":"https:\/\/fruit4u.co\/en\/nosotros\/","title":{"rendered":"Nosotros"},"content":{"rendered":"<div data-elementor-type=\"wp-page\" data-elementor-id=\"312\" class=\"elementor elementor-312\" data-elementor-post-type=\"page\">\n\t\t\t\t\t\t\t<div class=\"elementor-element elementor-element-414c6b0 e-con-full e-flex e-con e-parent\" data-id=\"414c6b0\" data-element_type=\"container\" data-settings=\"{&quot;content_width&quot;:&quot;full&quot;,&quot;background_background&quot;:&quot;classic&quot;}\" data-core-v316-plus=\"true\">\n\t\t<div class=\"elementor-element elementor-element-1c4f017 e-con-full e-flex e-con e-child\" data-id=\"1c4f017\" data-element_type=\"container\" data-settings=\"{&quot;content_width&quot;:&quot;full&quot;}\">\n\t\t\t\t<div class=\"elementor-element elementor-element-13dbc1d elementor-widget elementor-widget-image\" data-id=\"13dbc1d\" data-element_type=\"widget\" data-widget_type=\"image.default\">\n\t\t\t\t<div class=\"elementor-widget-container\">\n\t\t\t<style>\/*! elementor - v3.17.0 - 01-11-2023 *\/\n.elementor-widget-image{text-align:center}.elementor-widget-image a{display:inline-block}.elementor-widget-image a img[src$=\".svg\"]{width:48px}.elementor-widget-image img{vertical-align:middle;display:inline-block}<\/style>\t\t\t\t\t\t\t\t\t\t\t\t<img decoding=\"async\" width=\"300\" height=\"44\" src=\"https:\/\/fruit4u.co\/wp-content\/uploads\/2023\/11\/LOGOS-10-e1699447269782-300x44.png\" class=\"attachment-medium size-medium wp-image-246\" alt=\"\" srcset=\"https:\/\/fruit4u.co\/wp-content\/uploads\/2023\/11\/LOGOS-10-e1699447269782-300x44.png 300w, https:\/\/fruit4u.co\/wp-content\/uploads\/2023\/11\/LOGOS-10-e1699447269782-1024x150.png 1024w, https:\/\/fruit4u.co\/wp-content\/uploads\/2023\/11\/LOGOS-10-e1699447269782-768x113.png 768w, https:\/\/fruit4u.co\/wp-content\/uploads\/2023\/11\/LOGOS-10-e1699447269782-1536x225.png 1536w, https:\/\/fruit4u.co\/wp-content\/uploads\/2023\/11\/LOGOS-10-e1699447269782-2048x300.png 2048w\" sizes=\"(max-width: 300px) 100vw, 300px\" \/>\t\t\t\t\t\t\t\t\t\t\t\t\t\t\t<\/div>\n\t\t\t\t<\/div>\n\t\t\t\t<\/div>\n\t\t<div class=\"elementor-element elementor-element-2a5766e e-con-full e-flex e-con e-child\" data-id=\"2a5766e\" data-element_type=\"container\" data-settings=\"{&quot;content_width&quot;:&quot;full&quot;}\">\n\t\t\t\t<div class=\"elementor-element elementor-element-019369b elementor-nav-menu__align-right elementor-nav-menu--dropdown-tablet elementor-nav-menu__text-align-aside elementor-nav-menu--toggle elementor-nav-menu--burger elementor-widget elementor-widget-nav-menu\" data-id=\"019369b\" data-element_type=\"widget\" data-settings=\"{&quot;layout&quot;:&quot;horizontal&quot;,&quot;submenu_icon&quot;:{&quot;value&quot;:&quot;&lt;i class=\\&quot;fas fa-caret-down\\&quot;&gt;&lt;\\\/i&gt;&quot;,&quot;library&quot;:&quot;fa-solid&quot;},&quot;toggle&quot;:&quot;burger&quot;}\" data-widget_type=\"nav-menu.default\">\n\t\t\t\t<div class=\"elementor-widget-container\">\n\t\t\t<link rel=\"stylesheet\" href=\"https:\/\/fruit4u.co\/wp-content\/plugins\/pro-elements\/assets\/css\/widget-nav-menu.min.css\">\t\t\t<nav class=\"elementor-nav-menu--main elementor-nav-menu__container elementor-nav-menu--layout-horizontal e--pointer-underline e--animation-fade\">\n\t\t\t\t<ul id=\"menu-1-019369b\" class=\"elementor-nav-menu\"><li class=\"menu-item menu-item-type-custom menu-item-object-custom menu-item-116\"><a href=\"https:\/\/fruit4u.co\/en\/\" class=\"elementor-item\">HOME<\/a><\/li>\n<li class=\"menu-item menu-item-type-custom menu-item-object-custom menu-item-325\"><a href=\"https:\/\/fruit4u.co\/index.php\/nosotros\/\" class=\"elementor-item\">ABOUT US<\/a><\/li>\n<li class=\"menu-item menu-item-type-custom menu-item-object-custom menu-item-117\"><a href=\"https:\/\/fruit4u.co\/index.php\/productos\/\" class=\"elementor-item\">ALL PRODUCTS<\/a><\/li>\n<li class=\"menu-item menu-item-type-custom menu-item-object-custom menu-item-118\"><a href=\"https:\/\/fruit4u.co\/en\/contacto\/\" class=\"elementor-item\">CONTACT<\/a><\/li>\n<\/ul>\t\t\t<\/nav>\n\t\t\t\t\t<div class=\"elementor-menu-toggle\" role=\"button\" tabindex=\"0\" aria-label=\"Menu Toggle\" aria-expanded=\"false\">\n\t\t\t<i aria-hidden=\"true\" role=\"presentation\" class=\"elementor-menu-toggle__icon--open eicon-menu-bar\"><\/i><i aria-hidden=\"true\" role=\"presentation\" class=\"elementor-menu-toggle__icon--close eicon-close\"><\/i>\t\t\t<span class=\"elementor-screen-only\">Menu<\/span>\n\t\t<\/div>\n\t\t\t\t\t<nav class=\"elementor-nav-menu--dropdown elementor-nav-menu__container\" aria-hidden=\"true\">\n\t\t\t\t<ul id=\"menu-2-019369b\" class=\"elementor-nav-menu\"><li class=\"menu-item menu-item-type-custom menu-item-object-custom menu-item-116\"><a href=\"https:\/\/fruit4u.co\/en\/\" class=\"elementor-item\" tabindex=\"-1\">HOME<\/a><\/li>\n<li class=\"menu-item menu-item-type-custom menu-item-object-custom menu-item-325\"><a href=\"https:\/\/fruit4u.co\/index.php\/nosotros\/\" class=\"elementor-item\" tabindex=\"-1\">ABOUT US<\/a><\/li>\n<li class=\"menu-item menu-item-type-custom menu-item-object-custom menu-item-117\"><a href=\"https:\/\/fruit4u.co\/index.php\/productos\/\" class=\"elementor-item\" tabindex=\"-1\">ALL PRODUCTS<\/a><\/li>\n<li class=\"menu-item menu-item-type-custom menu-item-object-custom menu-item-118\"><a href=\"https:\/\/fruit4u.co\/en\/contacto\/\" class=\"elementor-item\" tabindex=\"-1\">CONTACT<\/a><\/li>\n<\/ul>\t\t\t<\/nav>\n\t\t\t\t<\/div>\n\t\t\t\t<\/div>\n\t\t\t\t<\/div>\n\t\t\t\t<\/div>\n\t\t<div class=\"elementor-element elementor-element-552c920 e-flex e-con-boxed e-con e-parent\" data-id=\"552c920\" data-element_type=\"container\" data-settings=\"{&quot;background_background&quot;:&quot;classic&quot;,&quot;content_width&quot;:&quot;boxed&quot;}\" data-core-v316-plus=\"true\">\n\t\t\t\t\t<div class=\"e-con-inner\">\n\t\t\t\t<div class=\"elementor-element elementor-element-e0d93f4 elementor-widget elementor-widget-spacer\" data-id=\"e0d93f4\" data-element_type=\"widget\" data-widget_type=\"spacer.default\">\n\t\t\t\t<div class=\"elementor-widget-container\">\n\t\t\t<style>\/*! elementor - v3.17.0 - 01-11-2023 *\/\n.elementor-column .elementor-spacer-inner{height:var(--spacer-size)}.e-con{--container-widget-width:100%}.e-con-inner>.elementor-widget-spacer,.e-con>.elementor-widget-spacer{width:var(--container-widget-width,var(--spacer-size));--align-self:var(--container-widget-align-self,initial);--flex-shrink:0}.e-con-inner>.elementor-widget-spacer>.elementor-widget-container,.e-con>.elementor-widget-spacer>.elementor-widget-container{height:100%;width:100%}.e-con-inner>.elementor-widget-spacer>.elementor-widget-container>.elementor-spacer,.e-con>.elementor-widget-spacer>.elementor-widget-container>.elementor-spacer{height:100%}.e-con-inner>.elementor-widget-spacer>.elementor-widget-container>.elementor-spacer>.elementor-spacer-inner,.e-con>.elementor-widget-spacer>.elementor-widget-container>.elementor-spacer>.elementor-spacer-inner{height:var(--container-widget-height,var(--spacer-size))}.e-con-inner>.elementor-widget-spacer.elementor-widget-empty,.e-con>.elementor-widget-spacer.elementor-widget-empty{position:relative;min-height:22px;min-width:22px}.e-con-inner>.elementor-widget-spacer.elementor-widget-empty .elementor-widget-empty-icon,.e-con>.elementor-widget-spacer.elementor-widget-empty .elementor-widget-empty-icon{position:absolute;top:0;bottom:0;left:0;right:0;margin:auto;padding:0;width:22px;height:22px}<\/style>\t\t<div class=\"elementor-spacer\">\n\t\t\t<div class=\"elementor-spacer-inner\"><\/div>\n\t\t<\/div>\n\t\t\t\t<\/div>\n\t\t\t\t<\/div>\n\t\t\t\t<div class=\"elementor-element elementor-element-a4d8a1a elementor-widget elementor-widget-text-editor\" data-id=\"a4d8a1a\" data-element_type=\"widget\" data-widget_type=\"text-editor.default\">\n\t\t\t\t<div class=\"elementor-widget-container\">\n\t\t\t<style>\/*! elementor - v3.17.0 - 01-11-2023 *\/\n.elementor-widget-text-editor.elementor-drop-cap-view-stacked .elementor-drop-cap{background-color:#69727d;color:#fff}.elementor-widget-text-editor.elementor-drop-cap-view-framed .elementor-drop-cap{color:#69727d;border:3px solid;background-color:transparent}.elementor-widget-text-editor:not(.elementor-drop-cap-view-default) .elementor-drop-cap{margin-top:8px}.elementor-widget-text-editor:not(.elementor-drop-cap-view-default) .elementor-drop-cap-letter{width:1em;height:1em}.elementor-widget-text-editor .elementor-drop-cap{float:left;text-align:center;line-height:1;font-size:50px}.elementor-widget-text-editor .elementor-drop-cap-letter{display:inline-block}<\/style>\t\t\t\t\t\t\t\t\t\t<\/div>\n\t\t\t\t<\/div>\n\t\t\t\t<div class=\"elementor-element elementor-element-2e33bef elementor-widget elementor-widget-spacer\" data-id=\"2e33bef\" data-element_type=\"widget\" data-widget_type=\"spacer.default\">\n\t\t\t\t<div class=\"elementor-widget-container\">\n\t\t\t\t\t<div class=\"elementor-spacer\">\n\t\t\t<div class=\"elementor-spacer-inner\"><\/div>\n\t\t<\/div>\n\t\t\t\t<\/div>\n\t\t\t\t<\/div>\n\t\t\t\t<div class=\"elementor-element elementor-element-3f60fb1 elementor-widget elementor-widget-spacer\" data-id=\"3f60fb1\" data-element_type=\"widget\" data-widget_type=\"spacer.default\">\n\t\t\t\t<div class=\"elementor-widget-container\">\n\t\t\t\t\t<div class=\"elementor-spacer\">\n\t\t\t<div class=\"elementor-spacer-inner\"><\/div>\n\t\t<\/div>\n\t\t\t\t<\/div>\n\t\t\t\t<\/div>\n\t\t\t\t\t<\/div>\n\t\t\t\t<\/div>\n\t\t<div class=\"elementor-element elementor-element-93cb09e e-flex e-con-boxed e-con e-parent\" data-id=\"93cb09e\" data-element_type=\"container\" data-settings=\"{&quot;background_background&quot;:&quot;classic&quot;,&quot;content_width&quot;:&quot;boxed&quot;}\" data-core-v316-plus=\"true\">\n\t\t\t\t\t<div class=\"e-con-inner\">\n\t\t\t\t<div class=\"elementor-element elementor-element-e0ba0bb elementor-widget elementor-widget-spacer\" data-id=\"e0ba0bb\" data-element_type=\"widget\" data-widget_type=\"spacer.default\">\n\t\t\t\t<div class=\"elementor-widget-container\">\n\t\t\t\t\t<div class=\"elementor-spacer\">\n\t\t\t<div class=\"elementor-spacer-inner\"><\/div>\n\t\t<\/div>\n\t\t\t\t<\/div>\n\t\t\t\t<\/div>\n\t\t\t\t<div class=\"elementor-element elementor-element-8145f8e elementor-widget__width-initial elementor-widget elementor-widget-heading\" data-id=\"8145f8e\" data-element_type=\"widget\" data-widget_type=\"heading.default\">\n\t\t\t\t<div class=\"elementor-widget-container\">\n\t\t\t<style>\/*! elementor - v3.17.0 - 01-11-2023 *\/\n.elementor-heading-title{padding:0;margin:0;line-height:1}.elementor-widget-heading .elementor-heading-title[class*=elementor-size-]>a{color:inherit;font-size:inherit;line-height:inherit}.elementor-widget-heading .elementor-heading-title.elementor-size-small{font-size:15px}.elementor-widget-heading .elementor-heading-title.elementor-size-medium{font-size:19px}.elementor-widget-heading .elementor-heading-title.elementor-size-large{font-size:29px}.elementor-widget-heading .elementor-heading-title.elementor-size-xl{font-size:39px}.elementor-widget-heading .elementor-heading-title.elementor-size-xxl{font-size:59px}<\/style><h2 class=\"elementor-heading-title elementor-size-default\">FRESH FRUITS FROM OUR LAND<\/h2>\t\t<\/div>\n\t\t\t\t<\/div>\n\t\t\t\t\t<\/div>\n\t\t\t\t<\/div>\n\t\t<div class=\"elementor-element elementor-element-e080fb7 e-flex e-con-boxed e-con e-parent\" data-id=\"e080fb7\" data-element_type=\"container\" data-settings=\"{&quot;background_background&quot;:&quot;classic&quot;,&quot;content_width&quot;:&quot;boxed&quot;}\" data-core-v316-plus=\"true\">\n\t\t\t\t\t<div class=\"e-con-inner\">\n\t\t<div class=\"elementor-element elementor-element-6ce2422 e-con-full e-flex e-con e-child\" data-id=\"6ce2422\" data-element_type=\"container\" data-settings=\"{&quot;content_width&quot;:&quot;full&quot;}\">\n\t\t\t\t<div class=\"elementor-element elementor-element-64385f2 elementor-widget__width-initial elementor-widget elementor-widget-text-editor\" data-id=\"64385f2\" data-element_type=\"widget\" data-widget_type=\"text-editor.default\">\n\t\t\t\t<div class=\"elementor-widget-container\">\n\t\t\t\t\t\t\t<p>We are a Colombian company specialized in exporting Hass avocados and Tahiti lime to the international market.<\/p>\t\t\t\t\t\t<\/div>\n\t\t\t\t<\/div>\n\t\t\t\t<div class=\"elementor-element elementor-element-14cff3a elementor-widget elementor-widget-image\" data-id=\"14cff3a\" data-element_type=\"widget\" data-widget_type=\"image.default\">\n\t\t\t\t<div class=\"elementor-widget-container\">\n\t\t\t\t\t\t\t\t\t\t\t\t\t\t\t<img fetchpriority=\"high\" decoding=\"async\" width=\"1024\" height=\"576\" src=\"https:\/\/fruit4u.co\/wp-content\/uploads\/2023\/11\/Hotels-Business-Website-in-Brown-White-Modern-Elegance-Style-7-1024x576.png\" class=\"attachment-large size-large wp-image-404\" alt=\"\" srcset=\"https:\/\/fruit4u.co\/wp-content\/uploads\/2023\/11\/Hotels-Business-Website-in-Brown-White-Modern-Elegance-Style-7-1024x576.png 1024w, https:\/\/fruit4u.co\/wp-content\/uploads\/2023\/11\/Hotels-Business-Website-in-Brown-White-Modern-Elegance-Style-7-300x169.png 300w, https:\/\/fruit4u.co\/wp-content\/uploads\/2023\/11\/Hotels-Business-Website-in-Brown-White-Modern-Elegance-Style-7-768x432.png 768w, https:\/\/fruit4u.co\/wp-content\/uploads\/2023\/11\/Hotels-Business-Website-in-Brown-White-Modern-Elegance-Style-7-18x10.png 18w, https:\/\/fruit4u.co\/wp-content\/uploads\/2023\/11\/Hotels-Business-Website-in-Brown-White-Modern-Elegance-Style-7.png 1366w\" sizes=\"(max-width: 1024px) 100vw, 1024px\" \/>\t\t\t\t\t\t\t\t\t\t\t\t\t\t\t<\/div>\n\t\t\t\t<\/div>\n\t\t\t\t<\/div>\n\t\t\t\t\t<\/div>\n\t\t\t\t<\/div>\n\t\t<div class=\"elementor-element elementor-element-6a85158 e-flex e-con-boxed e-con e-parent\" data-id=\"6a85158\" data-element_type=\"container\" data-settings=\"{&quot;background_background&quot;:&quot;classic&quot;,&quot;content_width&quot;:&quot;boxed&quot;}\" data-core-v316-plus=\"true\">\n\t\t\t\t\t<div class=\"e-con-inner\">\n\t\t\t\t\t<\/div>\n\t\t\t\t<\/div>\n\t\t<div class=\"elementor-element elementor-element-e1c8aab e-flex e-con-boxed e-con e-parent\" data-id=\"e1c8aab\" data-element_type=\"container\" data-settings=\"{&quot;background_background&quot;:&quot;classic&quot;,&quot;content_width&quot;:&quot;boxed&quot;}\" data-core-v316-plus=\"true\">\n\t\t\t\t\t<div class=\"e-con-inner\">\n\t\t<div class=\"elementor-element elementor-element-0d22504 e-con-full e-flex e-con e-child\" data-id=\"0d22504\" data-element_type=\"container\" data-settings=\"{&quot;content_width&quot;:&quot;full&quot;}\">\n\t\t\t\t<div class=\"elementor-element elementor-element-c727c58 elementor-widget elementor-widget-image\" data-id=\"c727c58\" data-element_type=\"widget\" data-widget_type=\"image.default\">\n\t\t\t\t<div class=\"elementor-widget-container\">\n\t\t\t\t\t\t\t\t\t\t\t\t\t\t\t<img decoding=\"async\" width=\"800\" height=\"600\" src=\"https:\/\/fruit4u.co\/wp-content\/uploads\/2023\/11\/IMG_8847-1-scaled-pmuhxb3mbxinwztxck34rj5vipta7g28lpsgi2lje8.jpg\" class=\"attachment-large size-large wp-image-315\" alt=\"\" srcset=\"https:\/\/fruit4u.co\/wp-content\/uploads\/2023\/11\/IMG_8847-1-scaled-pmuhxb3mbxinwztxck34rj5vipta7g28lpsgi2lje8.jpg 800w, https:\/\/fruit4u.co\/wp-content\/uploads\/2023\/11\/IMG_8847-1-scaled-pmuhxb3mbxinwztxck34rj5vipta7g28lpsgi2lje8-300x225.jpg 300w, https:\/\/fruit4u.co\/wp-content\/uploads\/2023\/11\/IMG_8847-1-scaled-pmuhxb3mbxinwztxck34rj5vipta7g28lpsgi2lje8-768x576.jpg 768w\" sizes=\"(max-width: 800px) 100vw, 800px\" \/>\t\t\t\t\t\t\t\t\t\t\t\t\t\t\t<\/div>\n\t\t\t\t<\/div>\n\t\t\t\t<\/div>\n\t\t<div class=\"elementor-element elementor-element-b78488b e-con-full e-flex e-con e-child\" data-id=\"b78488b\" data-element_type=\"container\" data-settings=\"{&quot;content_width&quot;:&quot;full&quot;}\">\n\t\t\t\t<div class=\"elementor-element elementor-element-ca5e878 elementor-widget elementor-widget-spacer\" data-id=\"ca5e878\" data-element_type=\"widget\" data-widget_type=\"spacer.default\">\n\t\t\t\t<div class=\"elementor-widget-container\">\n\t\t\t\t\t<div class=\"elementor-spacer\">\n\t\t\t<div class=\"elementor-spacer-inner\"><\/div>\n\t\t<\/div>\n\t\t\t\t<\/div>\n\t\t\t\t<\/div>\n\t\t\t\t<div class=\"elementor-element elementor-element-22925f2 elementor-widget elementor-widget-heading\" data-id=\"22925f2\" data-element_type=\"widget\" data-widget_type=\"heading.default\">\n\t\t\t\t<div class=\"elementor-widget-container\">\n\t\t\t<h2 class=\"elementor-heading-title elementor-size-default\">CERTIFIED FRUIT<\/h2>\t\t<\/div>\n\t\t\t\t<\/div>\n\t\t\t\t<div class=\"elementor-element elementor-element-056576a elementor-widget elementor-widget-text-editor\" data-id=\"056576a\" data-element_type=\"widget\" data-widget_type=\"text-editor.default\">\n\t\t\t\t<div class=\"elementor-widget-container\">\n\t\t\t\t\t\t\t<p>Our plantations and production are located in Colombia, where we dedicate all of our work and effort to ensure the quality of the fruit we ship to our international customers around the world. We strive to offer reliable and consistent products with every shipment, maintaining high standards of excellence in the fruit loaded.\u00a0<\/p>\t\t\t\t\t\t<\/div>\n\t\t\t\t<\/div>\n\t\t\t\t<\/div>\n\t\t\t\t\t<\/div>\n\t\t\t\t<\/div>\n\t\t<div class=\"elementor-element elementor-element-566a780 e-flex e-con-boxed e-con e-parent\" data-id=\"566a780\" data-element_type=\"container\" data-settings=\"{&quot;background_background&quot;:&quot;classic&quot;,&quot;content_width&quot;:&quot;boxed&quot;}\" data-core-v316-plus=\"true\">\n\t\t\t\t\t<div class=\"e-con-inner\">\n\t\t\t\t<div class=\"elementor-element elementor-element-1ab1305 elementor-widget elementor-widget-spacer\" data-id=\"1ab1305\" data-element_type=\"widget\" data-widget_type=\"spacer.default\">\n\t\t\t\t<div class=\"elementor-widget-container\">\n\t\t\t\t\t<div class=\"elementor-spacer\">\n\t\t\t<div class=\"elementor-spacer-inner\"><\/div>\n\t\t<\/div>\n\t\t\t\t<\/div>\n\t\t\t\t<\/div>\n\t\t\t\t<div class=\"elementor-element elementor-element-f570842 elementor-widget elementor-widget-heading\" data-id=\"f570842\" data-element_type=\"widget\" data-widget_type=\"heading.default\">\n\t\t\t\t<div class=\"elementor-widget-container\">\n\t\t\t<h2 class=\"elementor-heading-title elementor-size-default\">PRODUCTS<\/h2>\t\t<\/div>\n\t\t\t\t<\/div>\n\t\t\t\t<div class=\"elementor-element elementor-element-605b576 elementor-widget elementor-widget-spacer\" data-id=\"605b576\" data-element_type=\"widget\" data-widget_type=\"spacer.default\">\n\t\t\t\t<div class=\"elementor-widget-container\">\n\t\t\t\t\t<div class=\"elementor-spacer\">\n\t\t\t<div class=\"elementor-spacer-inner\"><\/div>\n\t\t<\/div>\n\t\t\t\t<\/div>\n\t\t\t\t<\/div>\n\t\t\t\t\t<\/div>\n\t\t\t\t<\/div>\n\t\t<div class=\"elementor-element elementor-element-ec64e15 e-flex e-con-boxed e-con e-parent\" data-id=\"ec64e15\" data-element_type=\"container\" data-settings=\"{&quot;background_background&quot;:&quot;classic&quot;,&quot;content_width&quot;:&quot;boxed&quot;}\" data-core-v316-plus=\"true\">\n\t\t\t\t\t<div class=\"e-con-inner\">\n\t\t<div class=\"elementor-element elementor-element-2bfe4a7 e-con-full e-flex e-con e-child\" data-id=\"2bfe4a7\" data-element_type=\"container\" data-settings=\"{&quot;content_width&quot;:&quot;full&quot;}\">\n\t\t\t\t<div class=\"elementor-element elementor-element-74fd4a7 elementor-widget elementor-widget-image\" data-id=\"74fd4a7\" data-element_type=\"widget\" data-widget_type=\"image.default\">\n\t\t\t\t<div class=\"elementor-widget-container\">\n\t\t\t\t\t\t\t\t\t\t\t\t\t\t\t\t<a href=\"https:\/\/fruit4u.co\/index.php\/aguacate-hass\/\">\n\t\t\t\t\t\t\t<img loading=\"lazy\" decoding=\"async\" width=\"1024\" height=\"709\" src=\"https:\/\/fruit4u.co\/wp-content\/uploads\/2023\/11\/2-6-1024x709.png\" class=\"attachment-large size-large wp-image-379\" alt=\"\" srcset=\"https:\/\/fruit4u.co\/wp-content\/uploads\/2023\/11\/2-6-1024x709.png 1024w, https:\/\/fruit4u.co\/wp-content\/uploads\/2023\/11\/2-6-300x208.png 300w, https:\/\/fruit4u.co\/wp-content\/uploads\/2023\/11\/2-6-768x532.png 768w, https:\/\/fruit4u.co\/wp-content\/uploads\/2023\/11\/2-6-18x12.png 18w, https:\/\/fruit4u.co\/wp-content\/uploads\/2023\/11\/2-6.png 1080w\" sizes=\"(max-width: 1024px) 100vw, 1024px\" \/>\t\t\t\t\t\t\t\t<\/a>\n\t\t\t\t\t\t\t\t\t\t\t\t\t\t\t<\/div>\n\t\t\t\t<\/div>\n\t\t\t\t<div class=\"elementor-element elementor-element-8f011f1 elementor-align-center elementor-widget elementor-widget-button\" data-id=\"8f011f1\" data-element_type=\"widget\" data-widget_type=\"button.default\">\n\t\t\t\t<div class=\"elementor-widget-container\">\n\t\t\t\t\t<div class=\"elementor-button-wrapper\">\n\t\t\t<a class=\"elementor-button elementor-button-link elementor-size-xl\" href=\"https:\/\/fruit4u.co\/index.php\/aguacate-hass\/\">\n\t\t\t\t\t\t<span class=\"elementor-button-content-wrapper\">\n\t\t\t\t\t\t<span class=\"elementor-button-text\">HASS AVOCADO<\/span>\n\t\t<\/span>\n\t\t\t\t\t<\/a>\n\t\t<\/div>\n\t\t\t\t<\/div>\n\t\t\t\t<\/div>\n\t\t\t\t<div class=\"elementor-element elementor-element-446f271 elementor-widget elementor-widget-spacer\" data-id=\"446f271\" data-element_type=\"widget\" data-widget_type=\"spacer.default\">\n\t\t\t\t<div class=\"elementor-widget-container\">\n\t\t\t\t\t<div class=\"elementor-spacer\">\n\t\t\t<div class=\"elementor-spacer-inner\"><\/div>\n\t\t<\/div>\n\t\t\t\t<\/div>\n\t\t\t\t<\/div>\n\t\t\t\t<\/div>\n\t\t<div class=\"elementor-element elementor-element-a408d6c e-con-full e-flex e-con e-child\" data-id=\"a408d6c\" data-element_type=\"container\" data-settings=\"{&quot;content_width&quot;:&quot;full&quot;}\">\n\t\t\t\t<div class=\"elementor-element elementor-element-b11bba4 elementor-widget elementor-widget-image\" data-id=\"b11bba4\" data-element_type=\"widget\" data-widget_type=\"image.default\">\n\t\t\t\t<div class=\"elementor-widget-container\">\n\t\t\t\t\t\t\t\t\t\t\t\t\t\t\t\t<a href=\"https:\/\/fruit4u.co\/index.php\/limon-tahiti\/\">\n\t\t\t\t\t\t\t<img loading=\"lazy\" decoding=\"async\" width=\"1024\" height=\"709\" src=\"https:\/\/fruit4u.co\/wp-content\/uploads\/2023\/11\/1-1-1024x709.png\" class=\"attachment-large size-large wp-image-378\" alt=\"\" srcset=\"https:\/\/fruit4u.co\/wp-content\/uploads\/2023\/11\/1-1-1024x709.png 1024w, https:\/\/fruit4u.co\/wp-content\/uploads\/2023\/11\/1-1-300x208.png 300w, https:\/\/fruit4u.co\/wp-content\/uploads\/2023\/11\/1-1-768x532.png 768w, https:\/\/fruit4u.co\/wp-content\/uploads\/2023\/11\/1-1-18x12.png 18w, https:\/\/fruit4u.co\/wp-content\/uploads\/2023\/11\/1-1.png 1080w\" sizes=\"(max-width: 1024px) 100vw, 1024px\" \/>\t\t\t\t\t\t\t\t<\/a>\n\t\t\t\t\t\t\t\t\t\t\t\t\t\t\t<\/div>\n\t\t\t\t<\/div>\n\t\t\t\t<div class=\"elementor-element elementor-element-f953c28 elementor-align-center elementor-widget elementor-widget-button\" data-id=\"f953c28\" data-element_type=\"widget\" data-widget_type=\"button.default\">\n\t\t\t\t<div class=\"elementor-widget-container\">\n\t\t\t\t\t<div class=\"elementor-button-wrapper\">\n\t\t\t<a class=\"elementor-button elementor-button-link elementor-size-xl\" href=\"https:\/\/fruit4u.co\/index.php\/limon-tahiti\/\">\n\t\t\t\t\t\t<span class=\"elementor-button-content-wrapper\">\n\t\t\t\t\t\t<span class=\"elementor-button-text\">TAHITI LIME<\/span>\n\t\t<\/span>\n\t\t\t\t\t<\/a>\n\t\t<\/div>\n\t\t\t\t<\/div>\n\t\t\t\t<\/div>\n\t\t\t\t<\/div>\n\t\t\t\t\t<\/div>\n\t\t\t\t<\/div>\n\t\t<div class=\"elementor-element elementor-element-579cd60 e-flex e-con-boxed e-con e-parent\" data-id=\"579cd60\" data-element_type=\"container\" data-settings=\"{&quot;background_background&quot;:&quot;classic&quot;,&quot;content_width&quot;:&quot;boxed&quot;}\" data-core-v316-plus=\"true\">\n\t\t\t\t\t<div class=\"e-con-inner\">\n\t\t\t\t<div class=\"elementor-element elementor-element-f1ed8d2 elementor-widget elementor-widget-image\" data-id=\"f1ed8d2\" data-element_type=\"widget\" data-widget_type=\"image.default\">\n\t\t\t\t<div class=\"elementor-widget-container\">\n\t\t\t\t\t\t\t\t\t\t\t\t\t\t\t<img loading=\"lazy\" decoding=\"async\" width=\"1024\" height=\"150\" src=\"https:\/\/fruit4u.co\/wp-content\/uploads\/2023\/11\/LOGOS-10-e1699447269782-1024x150.png\" class=\"attachment-large size-large wp-image-246\" alt=\"\" srcset=\"https:\/\/fruit4u.co\/wp-content\/uploads\/2023\/11\/LOGOS-10-e1699447269782-1024x150.png 1024w, https:\/\/fruit4u.co\/wp-content\/uploads\/2023\/11\/LOGOS-10-e1699447269782-300x44.png 300w, https:\/\/fruit4u.co\/wp-content\/uploads\/2023\/11\/LOGOS-10-e1699447269782-768x113.png 768w, https:\/\/fruit4u.co\/wp-content\/uploads\/2023\/11\/LOGOS-10-e1699447269782-1536x225.png 1536w, https:\/\/fruit4u.co\/wp-content\/uploads\/2023\/11\/LOGOS-10-e1699447269782-2048x300.png 2048w\" sizes=\"(max-width: 1024px) 100vw, 1024px\" \/>\t\t\t\t\t\t\t\t\t\t\t\t\t\t\t<\/div>\n\t\t\t\t<\/div>\n\t\t\t\t\t<\/div>\n\t\t\t\t<\/div>\n\t\t\t\t\t\t\t<\/div>","protected":false},"excerpt":{"rendered":"<p>FRUTA FRESCA DE NUESTRA TIERRA Somos una empresa colombiana especializada en la exportaci\u00f3n de aguacate Hass y lima Tahit\u00ed hacia el mercado internacional. FRUTA CERTIFICADA Nuestros cultivos y procesos de producci\u00f3n se encuentran en Colombia, desde donde dedicamos toda nuestra labor y empe\u00f1o para asegurar la calidad de la fruta que enviamos a nuestros clientes [&hellip;]<\/p>","protected":false},"author":1,"featured_media":0,"parent":0,"menu_order":0,"comment_status":"closed","ping_status":"closed","template":"elementor_canvas","meta":{"footnotes":""},"_links":{"self":[{"href":"https:\/\/fruit4u.co\/en\/wp-json\/wp\/v2\/pages\/312"}],"collection":[{"href":"https:\/\/fruit4u.co\/en\/wp-json\/wp\/v2\/pages"}],"about":[{"href":"https:\/\/fruit4u.co\/en\/wp-json\/wp\/v2\/types\/page"}],"author":[{"embeddable":true,"href":"https:\/\/fruit4u.co\/en\/wp-json\/wp\/v2\/users\/1"}],"replies":[{"embeddable":true,"href":"https:\/\/fruit4u.co\/en\/wp-json\/wp\/v2\/comments?post=312"}],"version-history":[{"count":31,"href":"https:\/\/fruit4u.co\/en\/wp-json\/wp\/v2\/pages\/312\/revisions"}],"predecessor-version":[{"id":469,"href":"https:\/\/fruit4u.co\/en\/wp-json\/wp\/v2\/pages\/312\/revisions\/469"}],"wp:attachment":[{"href":"https:\/\/fruit4u.co\/en\/wp-json\/wp\/v2\/media?parent=312"}],"curies":[{"name":"wp","href":"https:\/\/api.w.org\/{rel}","templated":true}]}}