{"id":150,"date":"2023-11-08T04:44:20","date_gmt":"2023-11-08T03:44:20","guid":{"rendered":"https:\/\/fruit4u.co\/?page_id=150"},"modified":"2023-11-27T04:28:36","modified_gmt":"2023-11-27T03:28:36","slug":"productos","status":"publish","type":"page","link":"https:\/\/fruit4u.co\/en\/productos\/","title":{"rendered":"Productos"},"content":{"rendered":"<div data-elementor-type=\"wp-page\" data-elementor-id=\"150\" class=\"elementor elementor-150\" data-elementor-post-type=\"page\">\n\t\t\t\t\t\t\t<div class=\"elementor-element elementor-element-91b1143 e-con-full e-flex e-con e-parent\" data-id=\"91b1143\" data-element_type=\"container\" data-settings=\"{&quot;content_width&quot;:&quot;full&quot;,&quot;background_background&quot;:&quot;classic&quot;}\" data-core-v316-plus=\"true\">\n\t\t<div class=\"elementor-element elementor-element-18c4bd1 e-con-full e-flex e-con e-child\" data-id=\"18c4bd1\" data-element_type=\"container\" data-settings=\"{&quot;content_width&quot;:&quot;full&quot;}\">\n\t\t\t\t<div class=\"elementor-element elementor-element-e17795b elementor-widget elementor-widget-image\" data-id=\"e17795b\" data-element_type=\"widget\" data-widget_type=\"image.default\">\n\t\t\t\t<div class=\"elementor-widget-container\">\n\t\t\t<style>\/*! elementor - v3.17.0 - 01-11-2023 *\/\n.elementor-widget-image{text-align:center}.elementor-widget-image a{display:inline-block}.elementor-widget-image a img[src$=\".svg\"]{width:48px}.elementor-widget-image img{vertical-align:middle;display:inline-block}<\/style>\t\t\t\t\t\t\t\t\t\t\t\t<img decoding=\"async\" width=\"300\" height=\"44\" src=\"https:\/\/fruit4u.co\/wp-content\/uploads\/2023\/11\/LOGOS-10-e1699447269782-300x44.png\" class=\"attachment-medium size-medium wp-image-246\" alt=\"\" srcset=\"https:\/\/fruit4u.co\/wp-content\/uploads\/2023\/11\/LOGOS-10-e1699447269782-300x44.png 300w, https:\/\/fruit4u.co\/wp-content\/uploads\/2023\/11\/LOGOS-10-e1699447269782-1024x150.png 1024w, https:\/\/fruit4u.co\/wp-content\/uploads\/2023\/11\/LOGOS-10-e1699447269782-768x113.png 768w, https:\/\/fruit4u.co\/wp-content\/uploads\/2023\/11\/LOGOS-10-e1699447269782-1536x225.png 1536w, https:\/\/fruit4u.co\/wp-content\/uploads\/2023\/11\/LOGOS-10-e1699447269782-2048x300.png 2048w\" sizes=\"(max-width: 300px) 100vw, 300px\" \/>\t\t\t\t\t\t\t\t\t\t\t\t\t\t\t<\/div>\n\t\t\t\t<\/div>\n\t\t\t\t<\/div>\n\t\t<div class=\"elementor-element elementor-element-2ee5f34 e-con-full e-flex e-con e-child\" data-id=\"2ee5f34\" data-element_type=\"container\" data-settings=\"{&quot;content_width&quot;:&quot;full&quot;}\">\n\t\t\t\t<div class=\"elementor-element elementor-element-de57482 elementor-nav-menu__align-right elementor-nav-menu--dropdown-tablet elementor-nav-menu__text-align-aside elementor-nav-menu--toggle elementor-nav-menu--burger elementor-widget elementor-widget-nav-menu\" data-id=\"de57482\" data-element_type=\"widget\" data-settings=\"{&quot;layout&quot;:&quot;horizontal&quot;,&quot;submenu_icon&quot;:{&quot;value&quot;:&quot;&lt;i class=\\&quot;fas fa-caret-down\\&quot;&gt;&lt;\\\/i&gt;&quot;,&quot;library&quot;:&quot;fa-solid&quot;},&quot;toggle&quot;:&quot;burger&quot;}\" data-widget_type=\"nav-menu.default\">\n\t\t\t\t<div class=\"elementor-widget-container\">\n\t\t\t<link rel=\"stylesheet\" href=\"https:\/\/fruit4u.co\/wp-content\/plugins\/pro-elements\/assets\/css\/widget-nav-menu.min.css\">\t\t\t<nav class=\"elementor-nav-menu--main elementor-nav-menu__container elementor-nav-menu--layout-horizontal e--pointer-underline e--animation-fade\">\n\t\t\t\t<ul id=\"menu-1-de57482\" class=\"elementor-nav-menu\"><li class=\"menu-item menu-item-type-custom menu-item-object-custom menu-item-116\"><a href=\"https:\/\/fruit4u.co\/en\/\" class=\"elementor-item\">HOME<\/a><\/li>\n<li class=\"menu-item menu-item-type-custom menu-item-object-custom menu-item-325\"><a href=\"https:\/\/fruit4u.co\/index.php\/nosotros\/\" class=\"elementor-item\">ABOUT US<\/a><\/li>\n<li class=\"menu-item menu-item-type-custom menu-item-object-custom menu-item-117\"><a href=\"https:\/\/fruit4u.co\/index.php\/productos\/\" class=\"elementor-item\">ALL PRODUCTS<\/a><\/li>\n<li class=\"menu-item menu-item-type-custom menu-item-object-custom menu-item-118\"><a href=\"https:\/\/fruit4u.co\/en\/contacto\/\" class=\"elementor-item\">CONTACT<\/a><\/li>\n<\/ul>\t\t\t<\/nav>\n\t\t\t\t\t<div class=\"elementor-menu-toggle\" role=\"button\" tabindex=\"0\" aria-label=\"Menu Toggle\" aria-expanded=\"false\">\n\t\t\t<i aria-hidden=\"true\" role=\"presentation\" class=\"elementor-menu-toggle__icon--open eicon-menu-bar\"><\/i><i aria-hidden=\"true\" role=\"presentation\" class=\"elementor-menu-toggle__icon--close eicon-close\"><\/i>\t\t\t<span class=\"elementor-screen-only\">Menu<\/span>\n\t\t<\/div>\n\t\t\t\t\t<nav class=\"elementor-nav-menu--dropdown elementor-nav-menu__container\" aria-hidden=\"true\">\n\t\t\t\t<ul id=\"menu-2-de57482\" class=\"elementor-nav-menu\"><li class=\"menu-item menu-item-type-custom menu-item-object-custom menu-item-116\"><a href=\"https:\/\/fruit4u.co\/en\/\" class=\"elementor-item\" tabindex=\"-1\">HOME<\/a><\/li>\n<li class=\"menu-item menu-item-type-custom menu-item-object-custom menu-item-325\"><a href=\"https:\/\/fruit4u.co\/index.php\/nosotros\/\" class=\"elementor-item\" tabindex=\"-1\">ABOUT US<\/a><\/li>\n<li class=\"menu-item menu-item-type-custom menu-item-object-custom menu-item-117\"><a href=\"https:\/\/fruit4u.co\/index.php\/productos\/\" class=\"elementor-item\" tabindex=\"-1\">ALL PRODUCTS<\/a><\/li>\n<li class=\"menu-item menu-item-type-custom menu-item-object-custom menu-item-118\"><a href=\"https:\/\/fruit4u.co\/en\/contacto\/\" class=\"elementor-item\" tabindex=\"-1\">CONTACT<\/a><\/li>\n<\/ul>\t\t\t<\/nav>\n\t\t\t\t<\/div>\n\t\t\t\t<\/div>\n\t\t\t\t<\/div>\n\t\t\t\t<\/div>\n\t\t<div class=\"elementor-element elementor-element-78264a7 e-con-full e-flex e-con e-parent\" data-id=\"78264a7\" data-element_type=\"container\" data-settings=\"{&quot;background_background&quot;:&quot;classic&quot;,&quot;content_width&quot;:&quot;full&quot;}\" data-core-v316-plus=\"true\">\n\t\t\t\t<div class=\"elementor-element elementor-element-734ca60 elementor-widget elementor-widget-spacer\" data-id=\"734ca60\" data-element_type=\"widget\" data-widget_type=\"spacer.default\">\n\t\t\t\t<div class=\"elementor-widget-container\">\n\t\t\t<style>\/*! elementor - v3.17.0 - 01-11-2023 *\/\n.elementor-column .elementor-spacer-inner{height:var(--spacer-size)}.e-con{--container-widget-width:100%}.e-con-inner>.elementor-widget-spacer,.e-con>.elementor-widget-spacer{width:var(--container-widget-width,var(--spacer-size));--align-self:var(--container-widget-align-self,initial);--flex-shrink:0}.e-con-inner>.elementor-widget-spacer>.elementor-widget-container,.e-con>.elementor-widget-spacer>.elementor-widget-container{height:100%;width:100%}.e-con-inner>.elementor-widget-spacer>.elementor-widget-container>.elementor-spacer,.e-con>.elementor-widget-spacer>.elementor-widget-container>.elementor-spacer{height:100%}.e-con-inner>.elementor-widget-spacer>.elementor-widget-container>.elementor-spacer>.elementor-spacer-inner,.e-con>.elementor-widget-spacer>.elementor-widget-container>.elementor-spacer>.elementor-spacer-inner{height:var(--container-widget-height,var(--spacer-size))}.e-con-inner>.elementor-widget-spacer.elementor-widget-empty,.e-con>.elementor-widget-spacer.elementor-widget-empty{position:relative;min-height:22px;min-width:22px}.e-con-inner>.elementor-widget-spacer.elementor-widget-empty .elementor-widget-empty-icon,.e-con>.elementor-widget-spacer.elementor-widget-empty .elementor-widget-empty-icon{position:absolute;top:0;bottom:0;left:0;right:0;margin:auto;padding:0;width:22px;height:22px}<\/style>\t\t<div class=\"elementor-spacer\">\n\t\t\t<div class=\"elementor-spacer-inner\"><\/div>\n\t\t<\/div>\n\t\t\t\t<\/div>\n\t\t\t\t<\/div>\n\t\t\t\t<div class=\"elementor-element elementor-element-7a12c61 elementor-widget elementor-widget-spacer\" data-id=\"7a12c61\" data-element_type=\"widget\" data-widget_type=\"spacer.default\">\n\t\t\t\t<div class=\"elementor-widget-container\">\n\t\t\t\t\t<div class=\"elementor-spacer\">\n\t\t\t<div class=\"elementor-spacer-inner\"><\/div>\n\t\t<\/div>\n\t\t\t\t<\/div>\n\t\t\t\t<\/div>\n\t\t\t\t<\/div>\n\t\t<div class=\"elementor-element elementor-element-8e664e2 e-flex e-con-boxed e-con e-parent\" data-id=\"8e664e2\" data-element_type=\"container\" data-settings=\"{&quot;background_background&quot;:&quot;classic&quot;,&quot;content_width&quot;:&quot;boxed&quot;}\" data-core-v316-plus=\"true\">\n\t\t\t\t\t<div class=\"e-con-inner\">\n\t\t<div class=\"elementor-element elementor-element-2e06d6b e-con-full e-flex e-con e-child\" data-id=\"2e06d6b\" data-element_type=\"container\" data-settings=\"{&quot;content_width&quot;:&quot;full&quot;}\">\n\t\t\t\t<div class=\"elementor-element elementor-element-aa0120b elementor-widget elementor-widget-spacer\" data-id=\"aa0120b\" data-element_type=\"widget\" data-widget_type=\"spacer.default\">\n\t\t\t\t<div class=\"elementor-widget-container\">\n\t\t\t\t\t<div class=\"elementor-spacer\">\n\t\t\t<div class=\"elementor-spacer-inner\"><\/div>\n\t\t<\/div>\n\t\t\t\t<\/div>\n\t\t\t\t<\/div>\n\t\t\t\t<div class=\"elementor-element elementor-element-5672adb elementor-widget elementor-widget-image\" data-id=\"5672adb\" data-element_type=\"widget\" data-widget_type=\"image.default\">\n\t\t\t\t<div class=\"elementor-widget-container\">\n\t\t\t\t\t\t\t\t\t\t\t\t\t\t\t\t<a href=\"https:\/\/fruit4u.co\/index.php\/aguacate-hass\/\">\n\t\t\t\t\t\t\t<img fetchpriority=\"high\" decoding=\"async\" width=\"1024\" height=\"709\" src=\"https:\/\/fruit4u.co\/wp-content\/uploads\/2023\/11\/2-6-1024x709.png\" class=\"attachment-large size-large wp-image-379\" alt=\"\" srcset=\"https:\/\/fruit4u.co\/wp-content\/uploads\/2023\/11\/2-6-1024x709.png 1024w, https:\/\/fruit4u.co\/wp-content\/uploads\/2023\/11\/2-6-300x208.png 300w, https:\/\/fruit4u.co\/wp-content\/uploads\/2023\/11\/2-6-768x532.png 768w, https:\/\/fruit4u.co\/wp-content\/uploads\/2023\/11\/2-6-18x12.png 18w, https:\/\/fruit4u.co\/wp-content\/uploads\/2023\/11\/2-6.png 1080w\" sizes=\"(max-width: 1024px) 100vw, 1024px\" \/>\t\t\t\t\t\t\t\t<\/a>\n\t\t\t\t\t\t\t\t\t\t\t\t\t\t\t<\/div>\n\t\t\t\t<\/div>\n\t\t\t\t<div class=\"elementor-element elementor-element-d7b96fa elementor-widget elementor-widget-heading\" data-id=\"d7b96fa\" data-element_type=\"widget\" data-widget_type=\"heading.default\">\n\t\t\t\t<div class=\"elementor-widget-container\">\n\t\t\t<style>\/*! elementor - v3.17.0 - 01-11-2023 *\/\n.elementor-heading-title{padding:0;margin:0;line-height:1}.elementor-widget-heading .elementor-heading-title[class*=elementor-size-]>a{color:inherit;font-size:inherit;line-height:inherit}.elementor-widget-heading .elementor-heading-title.elementor-size-small{font-size:15px}.elementor-widget-heading .elementor-heading-title.elementor-size-medium{font-size:19px}.elementor-widget-heading .elementor-heading-title.elementor-size-large{font-size:29px}.elementor-widget-heading .elementor-heading-title.elementor-size-xl{font-size:39px}.elementor-widget-heading .elementor-heading-title.elementor-size-xxl{font-size:59px}<\/style><h2 class=\"elementor-heading-title elementor-size-default\"><a href=\"https:\/\/fruit4u.co\/index.php\/aguacate-hass\/\">HASS AVOCADO<\/a><\/h2>\t\t<\/div>\n\t\t\t\t<\/div>\n\t\t\t\t<div class=\"elementor-element elementor-element-d1ce1a9 elementor-widget elementor-widget-text-editor\" data-id=\"d1ce1a9\" data-element_type=\"widget\" data-widget_type=\"text-editor.default\">\n\t\t\t\t<div class=\"elementor-widget-container\">\n\t\t\t<style>\/*! elementor - v3.17.0 - 01-11-2023 *\/\n.elementor-widget-text-editor.elementor-drop-cap-view-stacked .elementor-drop-cap{background-color:#69727d;color:#fff}.elementor-widget-text-editor.elementor-drop-cap-view-framed .elementor-drop-cap{color:#69727d;border:3px solid;background-color:transparent}.elementor-widget-text-editor:not(.elementor-drop-cap-view-default) .elementor-drop-cap{margin-top:8px}.elementor-widget-text-editor:not(.elementor-drop-cap-view-default) .elementor-drop-cap-letter{width:1em;height:1em}.elementor-widget-text-editor .elementor-drop-cap{float:left;text-align:center;line-height:1;font-size:50px}.elementor-widget-text-editor .elementor-drop-cap-letter{display:inline-block}<\/style>\t\t\t\t<p><a href=\"https:\/\/fruit4u.co\/index.php\/aguacate-hass\/\">AVAILABLE ALL YEAR<\/a><\/p>\t\t\t\t\t\t<\/div>\n\t\t\t\t<\/div>\n\t\t\t\t<\/div>\n\t\t<div class=\"elementor-element elementor-element-d73e0ee e-con-full e-flex e-con e-child\" data-id=\"d73e0ee\" data-element_type=\"container\" data-settings=\"{&quot;content_width&quot;:&quot;full&quot;}\">\n\t\t\t\t<div class=\"elementor-element elementor-element-ee8491b elementor-widget elementor-widget-spacer\" data-id=\"ee8491b\" data-element_type=\"widget\" data-widget_type=\"spacer.default\">\n\t\t\t\t<div class=\"elementor-widget-container\">\n\t\t\t\t\t<div class=\"elementor-spacer\">\n\t\t\t<div class=\"elementor-spacer-inner\"><\/div>\n\t\t<\/div>\n\t\t\t\t<\/div>\n\t\t\t\t<\/div>\n\t\t\t\t<div class=\"elementor-element elementor-element-4bb1054 elementor-widget elementor-widget-image\" data-id=\"4bb1054\" data-element_type=\"widget\" data-widget_type=\"image.default\">\n\t\t\t\t<div class=\"elementor-widget-container\">\n\t\t\t\t\t\t\t\t\t\t\t\t\t\t\t\t<a href=\"https:\/\/fruit4u.co\/index.php\/limon-tahiti\/\">\n\t\t\t\t\t\t\t<img decoding=\"async\" width=\"1024\" height=\"709\" src=\"https:\/\/fruit4u.co\/wp-content\/uploads\/2023\/11\/1-1-1024x709.png\" class=\"attachment-large size-large wp-image-378\" alt=\"\" srcset=\"https:\/\/fruit4u.co\/wp-content\/uploads\/2023\/11\/1-1-1024x709.png 1024w, https:\/\/fruit4u.co\/wp-content\/uploads\/2023\/11\/1-1-300x208.png 300w, https:\/\/fruit4u.co\/wp-content\/uploads\/2023\/11\/1-1-768x532.png 768w, https:\/\/fruit4u.co\/wp-content\/uploads\/2023\/11\/1-1-18x12.png 18w, https:\/\/fruit4u.co\/wp-content\/uploads\/2023\/11\/1-1.png 1080w\" sizes=\"(max-width: 1024px) 100vw, 1024px\" \/>\t\t\t\t\t\t\t\t<\/a>\n\t\t\t\t\t\t\t\t\t\t\t\t\t\t\t<\/div>\n\t\t\t\t<\/div>\n\t\t\t\t<div class=\"elementor-element elementor-element-2811795 elementor-widget elementor-widget-heading\" data-id=\"2811795\" data-element_type=\"widget\" data-widget_type=\"heading.default\">\n\t\t\t\t<div class=\"elementor-widget-container\">\n\t\t\t<h2 class=\"elementor-heading-title elementor-size-default\"><a href=\"https:\/\/fruit4u.co\/index.php\/limon-tahiti\/\">TAHITI LIME<\/a><\/h2>\t\t<\/div>\n\t\t\t\t<\/div>\n\t\t\t\t<div class=\"elementor-element elementor-element-881d8c0 elementor-widget elementor-widget-text-editor\" data-id=\"881d8c0\" data-element_type=\"widget\" data-widget_type=\"text-editor.default\">\n\t\t\t\t<div class=\"elementor-widget-container\">\n\t\t\t\t\t\t\t<p><a href=\"https:\/\/fruit4u.co\/index.php\/limon-tahiti\/\">AVAILABLE ALL YEAR<\/a><\/p>\t\t\t\t\t\t<\/div>\n\t\t\t\t<\/div>\n\t\t\t\t<\/div>\n\t\t\t\t\t<\/div>\n\t\t\t\t<\/div>\n\t\t<div class=\"elementor-element elementor-element-c74e46d e-flex e-con-boxed e-con e-parent\" data-id=\"c74e46d\" data-element_type=\"container\" data-settings=\"{&quot;background_background&quot;:&quot;classic&quot;,&quot;content_width&quot;:&quot;boxed&quot;}\" data-core-v316-plus=\"true\">\n\t\t\t\t\t<div class=\"e-con-inner\">\n\t\t\t\t<div class=\"elementor-element elementor-element-617c521 elementor-widget elementor-widget-spacer\" data-id=\"617c521\" data-element_type=\"widget\" data-widget_type=\"spacer.default\">\n\t\t\t\t<div class=\"elementor-widget-container\">\n\t\t\t\t\t<div class=\"elementor-spacer\">\n\t\t\t<div class=\"elementor-spacer-inner\"><\/div>\n\t\t<\/div>\n\t\t\t\t<\/div>\n\t\t\t\t<\/div>\n\t\t\t\t\t<\/div>\n\t\t\t\t<\/div>\n\t\t<div class=\"elementor-element elementor-element-a3751d9 e-flex e-con-boxed e-con e-parent\" data-id=\"a3751d9\" data-element_type=\"container\" data-settings=\"{&quot;background_background&quot;:&quot;classic&quot;,&quot;content_width&quot;:&quot;boxed&quot;}\" data-core-v316-plus=\"true\">\n\t\t\t\t\t<div class=\"e-con-inner\">\n\t\t\t\t<div class=\"elementor-element elementor-element-7ae0320 elementor-widget elementor-widget-spacer\" data-id=\"7ae0320\" data-element_type=\"widget\" data-widget_type=\"spacer.default\">\n\t\t\t\t<div class=\"elementor-widget-container\">\n\t\t\t\t\t<div class=\"elementor-spacer\">\n\t\t\t<div class=\"elementor-spacer-inner\"><\/div>\n\t\t<\/div>\n\t\t\t\t<\/div>\n\t\t\t\t<\/div>\n\t\t\t\t<div class=\"elementor-element elementor-element-6c98b2e elementor-widget elementor-widget-image\" data-id=\"6c98b2e\" data-element_type=\"widget\" data-widget_type=\"image.default\">\n\t\t\t\t<div class=\"elementor-widget-container\">\n\t\t\t\t\t\t\t\t\t\t\t\t\t\t\t<img loading=\"lazy\" decoding=\"async\" width=\"300\" height=\"64\" src=\"https:\/\/fruit4u.co\/wp-content\/uploads\/2023\/11\/LOGOSnlanco-04-e1699406522665-300x64.png\" class=\"attachment-medium size-medium wp-image-33\" alt=\"\" srcset=\"https:\/\/fruit4u.co\/wp-content\/uploads\/2023\/11\/LOGOSnlanco-04-e1699406522665-300x64.png 300w, https:\/\/fruit4u.co\/wp-content\/uploads\/2023\/11\/LOGOSnlanco-04-e1699406522665-1024x218.png 1024w, https:\/\/fruit4u.co\/wp-content\/uploads\/2023\/11\/LOGOSnlanco-04-e1699406522665-768x163.png 768w, https:\/\/fruit4u.co\/wp-content\/uploads\/2023\/11\/LOGOSnlanco-04-e1699406522665-1536x326.png 1536w, https:\/\/fruit4u.co\/wp-content\/uploads\/2023\/11\/LOGOSnlanco-04-e1699406522665-2048x435.png 2048w\" sizes=\"(max-width: 300px) 100vw, 300px\" \/>\t\t\t\t\t\t\t\t\t\t\t\t\t\t\t<\/div>\n\t\t\t\t<\/div>\n\t\t\t\t<div class=\"elementor-element elementor-element-7248cff elementor-widget elementor-widget-spacer\" data-id=\"7248cff\" data-element_type=\"widget\" data-widget_type=\"spacer.default\">\n\t\t\t\t<div class=\"elementor-widget-container\">\n\t\t\t\t\t<div class=\"elementor-spacer\">\n\t\t\t<div class=\"elementor-spacer-inner\"><\/div>\n\t\t<\/div>\n\t\t\t\t<\/div>\n\t\t\t\t<\/div>\n\t\t\t\t\t<\/div>\n\t\t\t\t<\/div>\n\t\t\t\t\t\t\t<\/div>","protected":false},"excerpt":{"rendered":"<p>AGUACATE HASS DISPONIBLE TODO EL A\u00d1O LIMA TAHIT\u00cd DISPONIBLE TODO EL A\u00d1O<\/p>","protected":false},"author":1,"featured_media":0,"parent":0,"menu_order":0,"comment_status":"closed","ping_status":"closed","template":"elementor_canvas","meta":{"footnotes":""},"_links":{"self":[{"href":"https:\/\/fruit4u.co\/en\/wp-json\/wp\/v2\/pages\/150"}],"collection":[{"href":"https:\/\/fruit4u.co\/en\/wp-json\/wp\/v2\/pages"}],"about":[{"href":"https:\/\/fruit4u.co\/en\/wp-json\/wp\/v2\/types\/page"}],"author":[{"embeddable":true,"href":"https:\/\/fruit4u.co\/en\/wp-json\/wp\/v2\/users\/1"}],"replies":[{"embeddable":true,"href":"https:\/\/fruit4u.co\/en\/wp-json\/wp\/v2\/comments?post=150"}],"version-history":[{"count":64,"href":"https:\/\/fruit4u.co\/en\/wp-json\/wp\/v2\/pages\/150\/revisions"}],"predecessor-version":[{"id":442,"href":"https:\/\/fruit4u.co\/en\/wp-json\/wp\/v2\/pages\/150\/revisions\/442"}],"wp:attachment":[{"href":"https:\/\/fruit4u.co\/en\/wp-json\/wp\/v2\/media?parent=150"}],"curies":[{"name":"wp","href":"https:\/\/api.w.org\/{rel}","templated":true}]}}